{"id":36,"date":"2021-01-13T14:13:23","date_gmt":"2021-01-13T14:13:23","guid":{"rendered":"https:\/\/www.dixion.net\/apw\/home\/"},"modified":"2022-07-02T00:11:57","modified_gmt":"2022-07-02T00:11:57","slug":"home","status":"publish","type":"page","link":"https:\/\/www.dixion.net\/apw\/","title":{"rendered":"Home"},"content":{"rendered":"\n\n\n\n\n\n\n\n\n\n\n\nEsto es Creatividad\n<strong>Pensar como Cliente<\/strong> <br>\nConvertirnos en sus aliados y entender su negocio, as\u00ed vamos a obtener los mejores resultados al menor costo y en el menor tiempo posible.\n<strong>Pensar como Consumidor<\/strong> <br>\nTener las mejores herramientas  de investigaci\u00f3n para conocer la percepciones, h\u00e1bitos y tendencias que nos permiten enfocar nuestras estrategias, asegurando un mejor resultado en sus estrategias de mercado.\n<strong>Pensar como Agencia<\/strong> <br>\nConstruir comunicaci\u00f3n de alto impacto, que resalte sobre otras agencias y genere esa recordaci\u00f3n entre nosotros, no solo como clientes o consumidores.\n\n\n<p style=\"color:#ACACAC;font-size:13px;line-height:2;font-weight:300\">Dise\u00f1o de sitios y portales Web.&nbsp;<\/p><p style=\"color:#ACACAC;font-size:13px;line-height:2;font-weight:300\">Actualizaci\u00f3n de contenido.&nbsp;<\/p><p style=\"color:#ACACAC;font-size:13px;line-height:2;font-weight:300\">Benchmark de sitio &amp; competencia.&nbsp;<\/p><p style=\"color:#ACACAC;font-size:13px;line-height:2;font-weight:300\">Consultor\u00eda para mejorar la usabilidad, experiencia de usuario y conversi\u00f3n de su sitio (UXCO).&nbsp;<\/p><p style=\"color:#ACACAC;font-size:13px;line-height:2;font-weight:300\">Diagn\u00f3stico de posicionamiento WEB.&nbsp;<\/p><p style=\"color:#ACACAC;font-size:13px;line-height:2;font-weight:300\">Lineamientos estructura SEO.&nbsp;<\/p><p style=\"color:#ACACAC;font-size:13px;line-height:2;font-weight:300\">Posicionamiento en buscadores (SEO).\n\n<\/p><p style=\"color:#ACACAC;font-size:13px;line-height:2;font-weight:300\"><span style=\"font-family: Roboto; font-size: 13px; font-style: normal; font-variant-ligatures: normal; font-variant-caps: normal; font-weight: 300;\">Banners &#8211; Landing Page \u2013 minisitios y piezas de apoyo digital.<\/span><br><\/p>\n\n\n<p style=\"color:#ACACAC;font-size:13px;line-height:2;font-weight:300\">Planificaci\u00f3n de marketing y publicidad.&nbsp;<\/p><p style=\"color:#ACACAC;font-size:13px;line-height:2;font-weight:300\">Investigaci\u00f3n de mercados.&nbsp;<\/p><p style=\"color:#ACACAC;font-size:13px;line-height:2;font-weight:300\">Producci\u00f3n creativa de piezas gr\u00e1ficas\nBrochure.&nbsp;<\/p><p style=\"color:#ACACAC;font-size:13px;line-height:2;font-weight:300\">Pendones.\nPOP.&nbsp;<span style=\"font-family: Roboto; font-size: 13px; font-weight: 300;\">Avisos.&nbsp;<\/span><\/p><p style=\"color:#ACACAC;font-size:13px;line-height:2;font-weight:300\"><span style=\"font-family: Roboto; font-size: 13px; font-weight: 300;\">Imagen corporativa.<\/span><\/p><p style=\"color:#ACACAC;font-size:13px;line-height:2;font-weight:300\"><span style=\"font-family: Roboto; font-size: 13px; font-weight: 300;\">Demos digitales.&nbsp;<\/span><\/p><p style=\"color:#ACACAC;font-size:13px;line-height:2;font-weight:300\"><span style=\"font-family: Roboto; font-size: 13px; font-weight: 300;\">Presentaciones interactivas.&nbsp;<\/span><\/p><p style=\"color:#ACACAC;font-size:13px;line-height:2;font-weight:300\"><span style=\"font-family: Roboto; font-size: 13px; font-weight: 300;\">Edici\u00f3n de video.&nbsp;<\/span><\/p><p style=\"color:#ACACAC;font-size:13px;line-height:2;font-weight:300\"><span style=\"font-family: Roboto; font-size: 13px; font-weight: 300;\">Fotograf\u00eda.&nbsp;<\/span><\/p>\n\n\n<p style=\"color:#ACACAC;font-size:13px;line-height:2;font-weight:300\">Estrategia y dise\u00f1o de contenidos.&nbsp;<\/p><p style=\"color:#ACACAC;font-size:13px;line-height:2;font-weight:300\">(Community Manager).&nbsp;<\/p><p style=\"color:#ACACAC;font-size:13px;line-height:2;font-weight:300\">Estrategias multicanal.&nbsp;<\/p><p style=\"color:#ACACAC;font-size:13px;line-height:2;font-weight:300\">Auditor\u00eda de la cuenta de seguimiento con Google Analytics.<\/p><p style=\"color:#ACACAC;font-size:13px;line-height:2;font-weight:300\">Optimizaci\u00f3n de redes sociales (SMO).<\/p><p style=\"color:#ACACAC;font-size:13px;line-height:2;font-weight:300\">Monitoreo y detenci\u00f3n de una posible crisis (SMO).&nbsp;<span style=\"font-family: Roboto; font-size: 13px; font-weight: 300;\">&nbsp;<\/span><\/p><p style=\"color:#ACACAC;font-size:13px;line-height:2;font-weight:300\">Auditor\u00eda de la cuenta de seguimiento con Google Analytics.\n\n<\/p><p style=\"color:#ACACAC;font-size:13px;line-height:2;font-weight:300\"><br><\/p>\n\n\n\n\n\n\n\n\n\n\n\n\n\n\n\n\n\n\n\n\n\n\n\n\n\n\n\n\n\n\n\n\n\n\n\n\n\n\n\n\n\n\n\n\n\n\n\n\n\n\n\n\n\n\n\n\n\n\n\n\n\n\n\n\n\n\n\n\n\n\n\n\n\n\n\n\n\n\n\n\n\n\n\n\n\n\n\n\n\n\n\n\n\n\n\n\n\n\n\n\n\n\n\n\n\n\n\n\n\n\n\n\n\n\n\n\n\n\n\n\n\n\n\n\n\n\n\n\n\n\n\n\n\n\n\n\n\n\n\n\n\n\n\n\n\n\n\n\n\n\n\n\n\n\n\n\n\n\n\n\n\n\n\n\n\n\n\n\n\n\n\n\n\n\nQue es Dixion\n<p style=\"font-family: roboto;font-size:12px;font-weight:500;color:#000;line-height:2\">Somos un equipo multidisciplinario, conformados por dise\u00f1adores web, arquitectos, ingenieros, comunicadores sociales y otras profesiones que apoyan activamente en la construcci\u00f3n de su marca en todos los \u00e1mbitos necesarios para volverla exitosa.\n\n\n<\/p>\n\n\n\n\n\n\n\n\n\n\n\n\n\n\n\n\nM\u00e1s que un equipo\n<p style=\"color:#ACACAC;font-size:14px;line-height:2.2;font-weight:300\">Tenemos m\u00e1s de 10 a\u00f1os en el mercado,  en estos a\u00f1os  nuestra agencia a realizado dise\u00f1o de tiendas virtuales, cat\u00e1logos en l\u00ednea, posicionamiento web en Google (SEO), Marketing digital, dise\u00f1o de p\u00e1ginas web administrables y Publicidad en Redes Sociales.<\/p>\n\n\n\n\n\n\nportafolio\n<p style=\"font-family: roboto;font-size:12px;font-weight:500;color:#000;line-height:2\">Cada proyecto es \u00fanico y como tal merece toda la importancia <\/p>\n\n\n\n\n\n\n\n\n\n\n\n\n\n\n\n\n\n\n\n\n\n\n\n\n\n\n\n\n\n\n\n\n\n\n\n\n\n\n\n\n\n\n\n\n\n\n\n\n\n\n\n\n\n\n\n\n\n\n\n\n\n\n\n\n\n\n\n\n\n\n\n\n\n\n\n\n\n\n\n\n\n\n\n\n\n\n\n\n\n\n\n\n\n\n\n\n\n\n\n\n\n\n\n\n\n\n\n\n\n\n\n\n\n\n\n\n\n\n\n\n\n\n\n\n\n\n\n\n\n\n\n\n\n\n\n\n\n\n\n\n\n\n\n\n\n\n\n\n\n\nDeja tu mensaje\n\n<div class=\"wpcf7 no-js\" id=\"wpcf7-f54-o1\" lang=\"es-CO\" dir=\"ltr\">\n<div class=\"screen-reader-response\"><p role=\"status\" aria-live=\"polite\" aria-atomic=\"true\"><\/p> <ul><\/ul><\/div>\n<form action=\"\/apw\/wp-json\/wp\/v2\/pages\/36#wpcf7-f54-o1\" method=\"post\" class=\"wpcf7-form init\" aria-label=\"Formulario de contacto\" novalidate=\"novalidate\" data-status=\"init\">\n<div style=\"display: none;\">\n<input type=\"hidden\" name=\"_wpcf7\" value=\"54\" \/>\n<input type=\"hidden\" name=\"_wpcf7_version\" value=\"5.9.8\" \/>\n<input type=\"hidden\" name=\"_wpcf7_locale\" value=\"es_CO\" \/>\n<input type=\"hidden\" name=\"_wpcf7_unit_tag\" value=\"wpcf7-f54-o1\" \/>\n<input type=\"hidden\" name=\"_wpcf7_container_post\" value=\"0\" \/>\n<input type=\"hidden\" name=\"_wpcf7_posted_data_hash\" value=\"\" \/>\n<\/div>\n<p><label> Tu nombre<br \/>\n<span class=\"wpcf7-form-control-wrap\" data-name=\"your-name\"><input size=\"40\" maxlength=\"400\" class=\"wpcf7-form-control wpcf7-text wpcf7-validates-as-required\" aria-required=\"true\" aria-invalid=\"false\" value=\"\" type=\"text\" name=\"your-name\" \/><\/span> <\/label>\n<\/p>\n<p><label> Tu correo electr\u00f3nico<br \/>\n<span class=\"wpcf7-form-control-wrap\" data-name=\"your-email\"><input size=\"40\" maxlength=\"400\" class=\"wpcf7-form-control wpcf7-email wpcf7-validates-as-required wpcf7-text wpcf7-validates-as-email\" aria-required=\"true\" aria-invalid=\"false\" value=\"\" type=\"email\" name=\"your-email\" \/><\/span> <\/label>\n<\/p>\n<p><label> Asunto<br \/>\n<span class=\"wpcf7-form-control-wrap\" data-name=\"your-subject\"><input size=\"40\" maxlength=\"400\" class=\"wpcf7-form-control wpcf7-text wpcf7-validates-as-required\" aria-required=\"true\" aria-invalid=\"false\" value=\"\" type=\"text\" name=\"your-subject\" \/><\/span> <\/label>\n<\/p>\n<p><label> Tu mensaje (opcional)<br \/>\n<span class=\"wpcf7-form-control-wrap\" data-name=\"your-message\"><textarea cols=\"40\" rows=\"10\" maxlength=\"2000\" class=\"wpcf7-form-control wpcf7-textarea\" aria-invalid=\"false\" name=\"your-message\"><\/textarea><\/span> <\/label>\n<\/p>\n<p><input class=\"wpcf7-form-control wpcf7-submit has-spinner\" type=\"submit\" value=\"Enviar\" \/>\n<\/p><div class=\"wpcf7-response-output\" aria-hidden=\"true\"><\/div>\n<\/form>\n<\/div>\n\n\n\n","protected":false},"excerpt":{"rendered":"","protected":false},"author":0,"featured_media":0,"parent":0,"menu_order":0,"comment_status":"closed","ping_status":"closed","template":"","meta":{"pagelayer_contact_templates":[],"_pagelayer_content":"","om_disable_all_campaigns":false,"_monsterinsights_skip_tracking":false,"_monsterinsights_sitenote_active":false,"_monsterinsights_sitenote_note":"","_monsterinsights_sitenote_category":0,"footnotes":""},"aioseo_notices":[],"_links":{"self":[{"href":"https:\/\/www.dixion.net\/apw\/wp-json\/wp\/v2\/pages\/36"}],"collection":[{"href":"https:\/\/www.dixion.net\/apw\/wp-json\/wp\/v2\/pages"}],"about":[{"href":"https:\/\/www.dixion.net\/apw\/wp-json\/wp\/v2\/types\/page"}],"replies":[{"embeddable":true,"href":"https:\/\/www.dixion.net\/apw\/wp-json\/wp\/v2\/comments?post=36"}],"version-history":[{"count":21,"href":"https:\/\/www.dixion.net\/apw\/wp-json\/wp\/v2\/pages\/36\/revisions"}],"predecessor-version":[{"id":164,"href":"https:\/\/www.dixion.net\/apw\/wp-json\/wp\/v2\/pages\/36\/revisions\/164"}],"wp:attachment":[{"href":"https:\/\/www.dixion.net\/apw\/wp-json\/wp\/v2\/media?parent=36"}],"curies":[{"name":"wp","href":"https:\/\/api.w.org\/{rel}","templated":true}]}}